{"id":1292,"date":"2024-08-18T17:52:39","date_gmt":"2024-08-18T17:52:39","guid":{"rendered":"https:\/\/alchemistegy.com\/about-us\/"},"modified":"2024-10-02T18:48:49","modified_gmt":"2024-10-02T18:48:49","slug":"a-propos-de-nous","status":"publish","type":"page","link":"https:\/\/alchemistegy.com\/fr\/a-propos-de-nous\/","title":{"rendered":"\u00c0 propos de nous"},"content":{"rendered":"\t\t<div data-elementor-type=\"wp-page\" data-elementor-id=\"1292\" class=\"elementor elementor-1292 elementor-297\">\n\t\t\t\t<div class=\"elementor-element elementor-element-43de6c6f e-flex e-con-boxed e-con e-parent\" data-id=\"43de6c6f\" data-element_type=\"container\" data-settings=\"{&quot;background_background&quot;:&quot;classic&quot;}\">\n\t\t\t\t\t<div class=\"e-con-inner\">\n\t\t\t\t<div class=\"elementor-element elementor-element-10f74a70 elementor-align-center elementor-widget elementor-widget-raven-heading\" data-id=\"10f74a70\" data-element_type=\"widget\" data-widget_type=\"raven-heading.default\">\n\t\t\t\t<div class=\"elementor-widget-container\">\n\t\t\t\t\t<div class=\"raven-widget-wrapper\"><h2 class=\"raven-heading raven-heading-h2\"><span class=\"raven-heading-title \">\u00c0 propos de nous<\/span><\/h2><\/div>\n\t\t\t\t<\/div>\n\t\t\t\t<\/div>\n\t\t\t\t\t<\/div>\n\t\t\t\t<\/div>\n\t\t<div class=\"elementor-element elementor-element-2f887205 e-flex e-con-boxed e-con e-parent\" data-id=\"2f887205\" data-element_type=\"container\">\n\t\t\t\t\t<div class=\"e-con-inner\">\n\t\t\t\t<div class=\"elementor-element elementor-element-1d759bf4 elementor-tablet-align-center elementor-align-left elementor-widget elementor-widget-raven-heading\" data-id=\"1d759bf4\" data-element_type=\"widget\" data-widget_type=\"raven-heading.default\">\n\t\t\t\t<div class=\"elementor-widget-container\">\n\t\t\t\t\t<div class=\"raven-widget-wrapper\"><h2 class=\"raven-heading raven-heading-h2\"><span class=\"raven-heading-title \">Que propose la soci\u00e9t\u00e9<\/span><\/h2><\/div>\n\t\t\t\t<\/div>\n\t\t\t\t<\/div>\n\t\t<div class=\"elementor-element elementor-element-4e825fc8 e-flex e-con-boxed e-con e-child\" data-id=\"4e825fc8\" data-element_type=\"container\">\n\t\t\t\t\t<div class=\"e-con-inner\">\n\t\t<div class=\"elementor-element elementor-element-b252a55 e-flex e-con-boxed e-con e-child\" data-id=\"b252a55\" data-element_type=\"container\">\n\t\t\t\t\t<div class=\"e-con-inner\">\n\t\t\t\t<div class=\"elementor-element elementor-element-6a4766c9 elementor-widget elementor-widget-text-editor\" data-id=\"6a4766c9\" data-element_type=\"widget\" data-widget_type=\"text-editor.default\">\n\t\t\t\t<div class=\"elementor-widget-container\">\n\t\t\t\t\t\t\t<p>La soci\u00e9t\u00e9 propose une large gamme de produits allant des huiles de base, des additifs et des lubrifiants, assur\u00e9s par un contr\u00f4le rigoureux en laboratoire. Cela garantit la constance des normes de qualit\u00e9 de nos produits.<\/p>\t\t\t\t\t\t<\/div>\n\t\t\t\t<\/div>\n\t\t\t\t<div class=\"elementor-element elementor-element-59d430c elementor-widget elementor-widget-text-editor\" data-id=\"59d430c\" data-element_type=\"widget\" data-widget_type=\"text-editor.default\">\n\t\t\t\t<div class=\"elementor-widget-container\">\n\t\t\t\t\t\t\t<p>Notre entreprise est sp\u00e9cialis\u00e9e dans la fabrication de graisses industrielles et de graisses multi-usages, offrant des performances \u00e9lev\u00e9es et une utilisation s\u00fbre. Nous r\u00e9pondons aux besoins de nos clients dans divers secteurs en proposant un ensemble complet de solutions de lubrification de pr\u00e9cision avec une large gamme de produits utilis\u00e9s dans des domaines tels que l&rsquo;industrie sid\u00e9rurgique, l&rsquo;automobile et les machines industrielles.<\/p>\t\t\t\t\t\t<\/div>\n\t\t\t\t<\/div>\n\t\t\t\t\t<\/div>\n\t\t\t\t<\/div>\n\t\t<div class=\"elementor-element elementor-element-63b58a4c e-con-full e-flex e-con e-child\" data-id=\"63b58a4c\" data-element_type=\"container\">\n\t\t<div class=\"elementor-element elementor-element-8b611d0 e-con-full e-flex e-con e-child\" data-id=\"8b611d0\" data-element_type=\"container\">\n\t\t\t\t<div class=\"elementor-element elementor-element-1f4dced elementor-widget elementor-widget-image\" data-id=\"1f4dced\" data-element_type=\"widget\" data-widget_type=\"image.default\">\n\t\t\t\t<div class=\"elementor-widget-container\">\n\t\t\t\t\t\t\t\t\t\t\t\t\t<img fetchpriority=\"high\" decoding=\"async\" width=\"512\" height=\"512\" src=\"https:\/\/alchemistegy.com\/wp-content\/uploads\/2024\/08\/cropped-cropped-cropped-cropped-DATA-01.png\" class=\"attachment-large size-large wp-image-158\" alt=\"\" srcset=\"https:\/\/alchemistegy.com\/wp-content\/uploads\/2024\/08\/cropped-cropped-cropped-cropped-DATA-01.png 512w, https:\/\/alchemistegy.com\/wp-content\/uploads\/2024\/08\/cropped-cropped-cropped-cropped-DATA-01-300x300.png 300w, https:\/\/alchemistegy.com\/wp-content\/uploads\/2024\/08\/cropped-cropped-cropped-cropped-DATA-01-150x150.png 150w, https:\/\/alchemistegy.com\/wp-content\/uploads\/2024\/08\/cropped-cropped-cropped-cropped-DATA-01-500x500.png 500w, https:\/\/alchemistegy.com\/wp-content\/uploads\/2024\/08\/cropped-cropped-cropped-cropped-DATA-01-270x270.png 270w, https:\/\/alchemistegy.com\/wp-content\/uploads\/2024\/08\/cropped-cropped-cropped-cropped-DATA-01-192x192.png 192w, https:\/\/alchemistegy.com\/wp-content\/uploads\/2024\/08\/cropped-cropped-cropped-cropped-DATA-01-180x180.png 180w, https:\/\/alchemistegy.com\/wp-content\/uploads\/2024\/08\/cropped-cropped-cropped-cropped-DATA-01-32x32.png 32w\" sizes=\"(max-width: 512px) 100vw, 512px\" \/>\t\t\t\t\t\t\t\t\t\t\t\t\t<\/div>\n\t\t\t\t<\/div>\n\t\t\t\t<\/div>\n\t\t\t\t<\/div>\n\t\t\t\t\t<\/div>\n\t\t\t\t<\/div>\n\t\t\t\t\t<\/div>\n\t\t\t\t<\/div>\n\t\t\t\t<\/div>\n\t\t","protected":false},"excerpt":{"rendered":"<p>\u00c0 propos de nous Que propose la soci\u00e9t\u00e9 La soci\u00e9t\u00e9 propose une large gamme de produits allant des huiles de base, des additifs et des lubrifiants, assur\u00e9s par un contr\u00f4le rigoureux en laboratoire. Cela garantit la constance des normes de qualit\u00e9 de nos produits. Notre entreprise est sp\u00e9cialis\u00e9e dans la fabrication de graisses industrielles et [&hellip;]<\/p>\n","protected":false},"author":1,"featured_media":0,"parent":0,"menu_order":0,"comment_status":"closed","ping_status":"closed","template":"","meta":{"footnotes":""},"class_list":["post-1292","page","type-page","status-publish","hentry"],"_links":{"self":[{"href":"https:\/\/alchemistegy.com\/fr\/wp-json\/wp\/v2\/pages\/1292"}],"collection":[{"href":"https:\/\/alchemistegy.com\/fr\/wp-json\/wp\/v2\/pages"}],"about":[{"href":"https:\/\/alchemistegy.com\/fr\/wp-json\/wp\/v2\/types\/page"}],"author":[{"embeddable":true,"href":"https:\/\/alchemistegy.com\/fr\/wp-json\/wp\/v2\/users\/1"}],"replies":[{"embeddable":true,"href":"https:\/\/alchemistegy.com\/fr\/wp-json\/wp\/v2\/comments?post=1292"}],"version-history":[{"count":14,"href":"https:\/\/alchemistegy.com\/fr\/wp-json\/wp\/v2\/pages\/1292\/revisions"}],"predecessor-version":[{"id":1620,"href":"https:\/\/alchemistegy.com\/fr\/wp-json\/wp\/v2\/pages\/1292\/revisions\/1620"}],"wp:attachment":[{"href":"https:\/\/alchemistegy.com\/fr\/wp-json\/wp\/v2\/media?parent=1292"}],"curies":[{"name":"wp","href":"https:\/\/api.w.org\/{rel}","templated":true}]}}