{"id":1317,"date":"2024-08-03T19:59:28","date_gmt":"2024-08-03T19:59:28","guid":{"rendered":"https:\/\/alchemistegy.com\/homepage\/"},"modified":"2024-10-02T18:58:37","modified_gmt":"2024-10-02T18:58:37","slug":"homepage","status":"publish","type":"page","link":"https:\/\/alchemistegy.com\/fr\/","title":{"rendered":"Homepage"},"content":{"rendered":"\t\t<div data-elementor-type=\"wp-page\" data-elementor-id=\"1317\" class=\"elementor elementor-1317 elementor-35\">\n\t\t\t\t<div class=\"elementor-element elementor-element-bffbc58 e-flex e-con-boxed e-con e-parent\" data-id=\"bffbc58\" data-element_type=\"container\" data-settings=\"{&quot;background_background&quot;:&quot;classic&quot;}\">\n\t\t\t\t\t<div class=\"e-con-inner\">\n\t\t\t\t<div class=\"elementor-element elementor-element-0c3c1c3 elementor-widget elementor-widget-heading\" data-id=\"0c3c1c3\" data-element_type=\"widget\" data-widget_type=\"heading.default\">\n\t\t\t\t<div class=\"elementor-widget-container\">\n\t\t\t<h1 class=\"elementor-heading-title elementor-size-default\">ALCHEMIST<\/h1>\t\t<\/div>\n\t\t\t\t<\/div>\n\t\t<div class=\"elementor-element elementor-element-498a63d1 e-flex e-con-boxed e-con e-child\" data-id=\"498a63d1\" data-element_type=\"container\">\n\t\t\t\t\t<div class=\"e-con-inner\">\n\t\t\t\t\t<\/div>\n\t\t\t\t<\/div>\n\t\t\t\t\t<\/div>\n\t\t\t\t<\/div>\n\t\t<div class=\"elementor-element elementor-element-2137b531 e-flex e-con-boxed e-con e-parent\" data-id=\"2137b531\" data-element_type=\"container\" data-settings=\"{&quot;background_background&quot;:&quot;classic&quot;}\">\n\t\t\t\t\t<div class=\"e-con-inner\">\n\t\t<div class=\"elementor-element elementor-element-33255771 e-flex e-con-boxed e-con e-child\" data-id=\"33255771\" data-element_type=\"container\">\n\t\t\t\t\t<div class=\"e-con-inner\">\n\t\t<div class=\"elementor-element elementor-element-19beedb1 e-flex e-con-boxed e-con e-child\" data-id=\"19beedb1\" data-element_type=\"container\" data-settings=\"{&quot;background_background&quot;:&quot;classic&quot;}\">\n\t\t\t\t\t<div class=\"e-con-inner\">\n\t\t\t\t<div class=\"elementor-element elementor-element-75475fce elementor-tablet-align-left elementor-mobile-align-center elementor-align-left elementor-widget elementor-widget-raven-heading\" data-id=\"75475fce\" data-element_type=\"widget\" data-widget_type=\"raven-heading.default\">\n\t\t\t\t<div class=\"elementor-widget-container\">\n\t\t\t\t\t<div class=\"raven-widget-wrapper\"><h2 class=\"raven-heading raven-heading-h2\"><span class=\"raven-heading-title \">Que propose la soci\u00e9t\u00e9 ?<\/span><\/h2><\/div>\n\t\t\t\t<\/div>\n\t\t\t\t<\/div>\n\t\t\t\t<div class=\"elementor-element elementor-element-c4c46ff elementor-widget elementor-widget-text-editor\" data-id=\"c4c46ff\" data-element_type=\"widget\" data-widget_type=\"text-editor.default\">\n\t\t\t\t<div class=\"elementor-widget-container\">\n\t\t\t\t\t\t\t<p>La soci\u00e9t\u00e9 propose une large gamme de produits allant des huiles de base, des additifs et des lubrifiants, assur\u00e9s par un contr\u00f4le rigoureux en laboratoire. Cela garantit la constance des normes de qualit\u00e9 de nos produits.<\/p>\t\t\t\t\t\t<\/div>\n\t\t\t\t<\/div>\n\t\t\t\t<div class=\"elementor-element elementor-element-f4f44c0 elementor-widget elementor-widget-text-editor\" data-id=\"f4f44c0\" data-element_type=\"widget\" data-widget_type=\"text-editor.default\">\n\t\t\t\t<div class=\"elementor-widget-container\">\n\t\t\t\t\t\t\t<p>Notre entreprise est sp\u00e9cialis\u00e9e dans la fabrication de graisses industrielles et de graisses multi-usages, offrant des performances \u00e9lev\u00e9es et une utilisation s\u00fbre. Nous r\u00e9pondons aux besoins de nos clients dans divers secteurs en proposant un ensemble complet de solutions de lubrification de pr\u00e9cision avec une large gamme de produits utilis\u00e9s dans des domaines tels que l&rsquo;industrie sid\u00e9rurgique, l&rsquo;automobile et les machines industrielles.<\/p>\t\t\t\t\t\t<\/div>\n\t\t\t\t<\/div>\n\t\t\t\t\t<\/div>\n\t\t\t\t<\/div>\n\t\t<div class=\"elementor-element elementor-element-4ab16538 e-flex e-con-boxed e-con e-child\" data-id=\"4ab16538\" data-element_type=\"container\">\n\t\t\t\t\t<div class=\"e-con-inner\">\n\t\t<div class=\"elementor-element elementor-element-6cb53867 e-flex e-con-boxed e-con e-child\" data-id=\"6cb53867\" data-element_type=\"container\">\n\t\t\t\t\t<div class=\"e-con-inner\">\n\t\t\t\t\t<\/div>\n\t\t\t\t<\/div>\n\t\t\t\t\t<\/div>\n\t\t\t\t<\/div>\n\t\t\t\t\t<\/div>\n\t\t\t\t<\/div>\n\t\t\t\t\t<\/div>\n\t\t\t\t<\/div>\n\t\t<div class=\"elementor-element elementor-element-3ff7e8f7 e-flex e-con-boxed e-con e-parent\" data-id=\"3ff7e8f7\" data-element_type=\"container\" data-settings=\"{&quot;background_background&quot;:&quot;classic&quot;}\">\n\t\t\t\t\t<div class=\"e-con-inner\">\n\t\t<div class=\"elementor-element elementor-element-2a861d16 e-con-full e-flex e-con e-child\" data-id=\"2a861d16\" data-element_type=\"container\">\n\t\t<div class=\"elementor-element elementor-element-590881a0 e-flex e-con-boxed e-con e-child\" data-id=\"590881a0\" data-element_type=\"container\">\n\t\t\t\t\t<div class=\"e-con-inner\">\n\t\t\t\t\t<\/div>\n\t\t\t\t<\/div>\n\t\t\t\t<\/div>\n\t\t<div class=\"elementor-element elementor-element-63f847af e-con-full e-flex e-con e-child\" data-id=\"63f847af\" data-element_type=\"container\">\n\t\t<div class=\"elementor-element elementor-element-2f90e809 e-flex e-con-boxed e-con e-child\" data-id=\"2f90e809\" data-element_type=\"container\" data-settings=\"{&quot;background_background&quot;:&quot;classic&quot;}\">\n\t\t\t\t\t<div class=\"e-con-inner\">\n\t\t\t\t<div class=\"elementor-element elementor-element-3f482b03 elementor-tablet-align-center elementor-align-center elementor-widget elementor-widget-raven-heading\" data-id=\"3f482b03\" data-element_type=\"widget\" data-widget_type=\"raven-heading.default\">\n\t\t\t\t<div class=\"elementor-widget-container\">\n\t\t\t\t\t<div class=\"raven-widget-wrapper\"><h2 class=\"raven-heading raven-heading-h2\"><span class=\"raven-heading-title \">Notre mission<\/span><\/h2><\/div>\n\t\t\t\t<\/div>\n\t\t\t\t<\/div>\n\t\t\t\t<div class=\"elementor-element elementor-element-3502efdd elementor-widget elementor-widget-text-editor\" data-id=\"3502efdd\" data-element_type=\"widget\" data-widget_type=\"text-editor.default\">\n\t\t\t\t<div class=\"elementor-widget-container\">\n\t\t\t\t\t\t\t<p>Notre mission est d&rsquo;\u00eatre le partenaire privil\u00e9gi\u00e9 et de confiance pour les entreprises \u00e0 la recherche de solutions de graisses industrielles fiables et performantes. Nous nous engageons \u00e0 fournir des produits exceptionnels, une expertise technique et un service client in\u00e9gal\u00e9, garantissant l&rsquo;efficacit\u00e9 op\u00e9rationnelle et la durabilit\u00e9 des entreprises de nos clients. Nous nous effor\u00e7ons \u00e9galement d&rsquo;innover en permanence et d&rsquo;am\u00e9liorer nos produits pour d\u00e9passer les normes de l&rsquo;industrie, offrant une fiabilit\u00e9 et une long\u00e9vit\u00e9 incomparables.<\/p>\t\t\t\t\t\t<\/div>\n\t\t\t\t<\/div>\n\t\t\t\t\t<\/div>\n\t\t\t\t<\/div>\n\t\t\t\t<\/div>\n\t\t\t\t\t<\/div>\n\t\t\t\t<\/div>\n\t\t<div class=\"elementor-element elementor-element-951c6ca e-flex e-con-boxed e-con e-parent\" data-id=\"951c6ca\" data-element_type=\"container\" data-settings=\"{&quot;background_background&quot;:&quot;classic&quot;}\">\n\t\t\t\t\t<div class=\"e-con-inner\">\n\t\t<div class=\"elementor-element elementor-element-33d010f6 e-con-full e-flex e-con e-child\" data-id=\"33d010f6\" data-element_type=\"container\">\n\t\t\t\t<div class=\"elementor-element elementor-element-2a77d959 elementor-tablet-align-left elementor-align-center elementor-mobile-align-center elementor-widget elementor-widget-raven-heading\" data-id=\"2a77d959\" data-element_type=\"widget\" data-widget_type=\"raven-heading.default\">\n\t\t\t\t<div class=\"elementor-widget-container\">\n\t\t\t\t\t<div class=\"raven-widget-wrapper\"><h2 class=\"raven-heading raven-heading-h2\"><span class=\"raven-heading-title \">Notre vision<\/span><\/h2><\/div>\n\t\t\t\t<\/div>\n\t\t\t\t<\/div>\n\t\t\t\t<\/div>\n\t\t<div class=\"elementor-element elementor-element-784418ef e-flex e-con-boxed e-con e-child\" data-id=\"784418ef\" data-element_type=\"container\" data-settings=\"{&quot;background_background&quot;:&quot;classic&quot;}\">\n\t\t\t\t\t<div class=\"e-con-inner\">\n\t\t<div class=\"elementor-element elementor-element-47c70f1a e-flex e-con-boxed e-con e-child\" data-id=\"47c70f1a\" data-element_type=\"container\">\n\t\t\t\t\t<div class=\"e-con-inner\">\n\t\t\t\t<div class=\"elementor-element elementor-element-42f91ef3 elementor-align-center elementor-widget elementor-widget-raven-heading\" data-id=\"42f91ef3\" data-element_type=\"widget\" data-widget_type=\"raven-heading.default\">\n\t\t\t\t<div class=\"elementor-widget-container\">\n\t\t\t\t\t<div class=\"raven-widget-wrapper\"><h2 class=\"raven-heading raven-heading-h2\"><span class=\"raven-heading-title \">Leadership dans l'industrie<\/span><\/h2><\/div>\n\t\t\t\t<\/div>\n\t\t\t\t<\/div>\n\t\t\t\t<div class=\"elementor-element elementor-element-6c651967 elementor-widget elementor-widget-text-editor\" data-id=\"6c651967\" data-element_type=\"widget\" data-widget_type=\"text-editor.default\">\n\t\t\t\t<div class=\"elementor-widget-container\">\n\t\t\t\t\t\t\t<p>Nous aspirons \u00e0 \u00e9tablir Alchemist comme le choix premier pour les solutions de graisses et lubrifiants, en \u00e9tablissant de nouvelles r\u00e9f\u00e9rences en mati\u00e8re de performance et de fiabilit\u00e9.<\/p>\t\t\t\t\t\t<\/div>\n\t\t\t\t<\/div>\n\t\t\t\t\t<\/div>\n\t\t\t\t<\/div>\n\t\t<div class=\"elementor-element elementor-element-36c802a5 e-flex e-con-boxed e-con e-child\" data-id=\"36c802a5\" data-element_type=\"container\">\n\t\t\t\t\t<div class=\"e-con-inner\">\n\t\t\t\t<div class=\"elementor-element elementor-element-799d72e9 elementor-align-center elementor-widget elementor-widget-raven-heading\" data-id=\"799d72e9\" data-element_type=\"widget\" data-widget_type=\"raven-heading.default\">\n\t\t\t\t<div class=\"elementor-widget-container\">\n\t\t\t\t\t<div class=\"raven-widget-wrapper\"><h2 class=\"raven-heading raven-heading-h2\"><span class=\"raven-heading-title \">Expansion mondiale<\/span><\/h2><\/div>\n\t\t\t\t<\/div>\n\t\t\t\t<\/div>\n\t\t\t\t<div class=\"elementor-element elementor-element-52224f92 elementor-widget elementor-widget-text-editor\" data-id=\"52224f92\" data-element_type=\"widget\" data-widget_type=\"text-editor.default\">\n\t\t\t\t<div class=\"elementor-widget-container\">\n\t\t\t\t\t\t\t<p>Dans le cadre de notre vision future, nous visons \u00e0 \u00e9tendre notre port\u00e9e et \u00e0 devenir un leader mondialement reconnu dans les solutions de lubrification avanc\u00e9es.<\/p>\t\t\t\t\t\t<\/div>\n\t\t\t\t<\/div>\n\t\t\t\t\t<\/div>\n\t\t\t\t<\/div>\n\t\t<div class=\"elementor-element elementor-element-62387411 e-flex e-con-boxed e-con e-child\" data-id=\"62387411\" data-element_type=\"container\">\n\t\t\t\t\t<div class=\"e-con-inner\">\n\t\t\t\t<div class=\"elementor-element elementor-element-617b96ed elementor-align-center elementor-widget elementor-widget-raven-heading\" data-id=\"617b96ed\" data-element_type=\"widget\" data-widget_type=\"raven-heading.default\">\n\t\t\t\t<div class=\"elementor-widget-container\">\n\t\t\t\t\t<div class=\"raven-widget-wrapper\"><h2 class=\"raven-heading raven-heading-h2\"><span class=\"raven-heading-title \">Notre vision<\/span><\/h2><\/div>\n\t\t\t\t<\/div>\n\t\t\t\t<\/div>\n\t\t\t\t<div class=\"elementor-element elementor-element-6344d0a0 elementor-widget elementor-widget-text-editor\" data-id=\"6344d0a0\" data-element_type=\"widget\" data-widget_type=\"text-editor.default\">\n\t\t\t\t<div class=\"elementor-widget-container\">\n\t\t\t\t\t\t\t<p>Pour diriger l&rsquo;industrie en mati\u00e8re d&rsquo;innovation, de durabilit\u00e9 et de valeur client. Nous visons \u00e0 r\u00e9volutionner les lubrifiants industriels gr\u00e2ce \u00e0 des technologies de pointe, \u00e0 une recherche et un d\u00e9veloppement continu, ainsi qu&rsquo;\u00e0 une forte.<\/p>\t\t\t\t\t\t<\/div>\n\t\t\t\t<\/div>\n\t\t\t\t\t<\/div>\n\t\t\t\t<\/div>\n\t\t\t\t\t<\/div>\n\t\t\t\t<\/div>\n\t\t\t\t\t<\/div>\n\t\t\t\t<\/div>\n\t\t<div class=\"elementor-element elementor-element-bd727f1 e-flex e-con-boxed e-con e-parent\" data-id=\"bd727f1\" data-element_type=\"container\" data-settings=\"{&quot;background_background&quot;:&quot;classic&quot;}\">\n\t\t\t\t\t<div class=\"e-con-inner\">\n\t\t<div class=\"elementor-element elementor-element-2ee8c67f e-flex e-con-boxed e-con e-child\" data-id=\"2ee8c67f\" data-element_type=\"container\">\n\t\t\t\t\t<div class=\"e-con-inner\">\n\t\t<div class=\"elementor-element elementor-element-475ffda8 e-flex e-con-boxed e-con e-child\" data-id=\"475ffda8\" data-element_type=\"container\">\n\t\t\t\t\t<div class=\"e-con-inner\">\n\t\t\t\t<div class=\"elementor-element elementor-element-351c7a87 elementor-tablet-align-center elementor-align-center elementor-widget elementor-widget-raven-heading\" data-id=\"351c7a87\" data-element_type=\"widget\" data-widget_type=\"raven-heading.default\">\n\t\t\t\t<div class=\"elementor-widget-container\">\n\t\t\t\t\t<div class=\"raven-widget-wrapper\"><h2 class=\"raven-heading raven-heading-h2\"><span class=\"raven-heading-title \">Plan d'action<\/span><\/h2><\/div>\n\t\t\t\t<\/div>\n\t\t\t\t<\/div>\n\t\t\t\t\t<\/div>\n\t\t\t\t<\/div>\n\t\t\t\t\t<\/div>\n\t\t\t\t<\/div>\n\t\t<div class=\"elementor-element elementor-element-3aa95a9 e-flex e-con-boxed e-con e-child\" data-id=\"3aa95a9\" data-element_type=\"container\" data-settings=\"{&quot;background_background&quot;:&quot;classic&quot;}\">\n\t\t\t\t\t<div class=\"e-con-inner\">\n\t\t<div class=\"elementor-element elementor-element-2087050 e-con-full e-flex e-con e-child\" data-id=\"2087050\" data-element_type=\"container\">\n\t\t<div class=\"elementor-element elementor-element-eb77707 e-flex e-con-boxed e-con e-child\" data-id=\"eb77707\" data-element_type=\"container\">\n\t\t\t\t\t<div class=\"e-con-inner\">\n\t\t\t\t<div class=\"elementor-element elementor-element-0c8e0b8 elementor-align-left elementor-widget elementor-widget-raven-heading\" data-id=\"0c8e0b8\" data-element_type=\"widget\" data-widget_type=\"raven-heading.default\">\n\t\t\t\t<div class=\"elementor-widget-container\">\n\t\t\t\t\t<div class=\"raven-widget-wrapper\"><p class=\"raven-heading raven-heading-p\"><span class=\"raven-heading-title \">1- Expansion du march\u00e9  \nMettre en \u0153uvre des strat\u00e9gies cibl\u00e9es pour accro\u00eetre la pr\u00e9sence sur le march\u00e9 et fournir des solutions de lubrification sur mesure \u00e0 de nouvelles industries.\n<\/span><\/p><\/div>\n\t\t\t\t<\/div>\n\t\t\t\t<\/div>\n\t\t\t\t\t<\/div>\n\t\t\t\t<\/div>\n\t\t<div class=\"elementor-element elementor-element-b8b7182 e-flex e-con-boxed e-con e-child\" data-id=\"b8b7182\" data-element_type=\"container\">\n\t\t\t\t\t<div class=\"e-con-inner\">\n\t\t\t\t<div class=\"elementor-element elementor-element-ecfc31e elementor-align-left elementor-widget elementor-widget-raven-heading\" data-id=\"ecfc31e\" data-element_type=\"widget\" data-widget_type=\"raven-heading.default\">\n\t\t\t\t<div class=\"elementor-widget-container\">\n\t\t\t\t\t<div class=\"raven-widget-wrapper\"><h2 class=\"raven-heading raven-heading-h2\"><span class=\"raven-heading-title \">2- Partenariats et collaborations  \nNouer des partenariats strat\u00e9giques et des collaborations pour \u00e9largir notre expertise et offrir des solutions innovantes en mati\u00e8re de lubrifiants.<\/span><\/h2><\/div>\n\t\t\t\t<\/div>\n\t\t\t\t<\/div>\n\t\t\t\t\t<\/div>\n\t\t\t\t<\/div>\n\t\t<div class=\"elementor-element elementor-element-5411edd e-flex e-con-boxed e-con e-child\" data-id=\"5411edd\" data-element_type=\"container\">\n\t\t\t\t\t<div class=\"e-con-inner\">\n\t\t\t\t<div class=\"elementor-element elementor-element-7ef296f elementor-align-left elementor-widget elementor-widget-raven-heading\" data-id=\"7ef296f\" data-element_type=\"widget\" data-widget_type=\"raven-heading.default\">\n\t\t\t\t<div class=\"elementor-widget-container\">\n\t\t\t\t\t<div class=\"raven-widget-wrapper\"><h2 class=\"raven-heading raven-heading-h2\"><span class=\"raven-heading-title \">3- Initiatives de durabilit\u00e9  \nNous nous engageons \u00e0 \u00eatre pionniers en mati\u00e8re de pratiques durables, en veillant \u00e0 ce que nos op\u00e9rations et produits soient conformes aux normes environnementales et aux consid\u00e9rations \u00e9thiques.<\/span><\/h2><\/div>\n\t\t\t\t<\/div>\n\t\t\t\t<\/div>\n\t\t\t\t\t<\/div>\n\t\t\t\t<\/div>\n\t\t\t\t<\/div>\n\t\t\t\t\t<\/div>\n\t\t\t\t<\/div>\n\t\t\t\t\t<\/div>\n\t\t\t\t<\/div>\n\t\t<div class=\"elementor-element elementor-element-49e9b07 e-flex e-con-boxed e-con e-parent\" data-id=\"49e9b07\" data-element_type=\"container\">\n\t\t\t\t\t<div class=\"e-con-inner\">\n\t\t<div class=\"elementor-element elementor-element-7df2457b e-flex e-con-boxed e-con e-child\" data-id=\"7df2457b\" data-element_type=\"container\">\n\t\t\t\t\t<div class=\"e-con-inner\">\n\t\t<div class=\"elementor-element elementor-element-3c00ec9e e-flex e-con-boxed e-con e-child\" data-id=\"3c00ec9e\" data-element_type=\"container\">\n\t\t\t\t\t<div class=\"e-con-inner\">\n\t\t\t\t<div class=\"elementor-element elementor-element-46b58427 elementor-tablet-align-center elementor-align-center elementor-widget elementor-widget-raven-heading\" data-id=\"46b58427\" data-element_type=\"widget\" data-widget_type=\"raven-heading.default\">\n\t\t\t\t<div class=\"elementor-widget-container\">\n\t\t\t\t\t<div class=\"raven-widget-wrapper\"><h2 class=\"raven-heading raven-heading-h2\"><span class=\"raven-heading-title \">Notre Produit<\/span><\/h2><\/div>\n\t\t\t\t<\/div>\n\t\t\t\t<\/div>\n\t\t\t\t<div class=\"elementor-element elementor-element-8192483 elementor-align-center elementor-widget elementor-widget-raven-button\" data-id=\"8192483\" data-element_type=\"widget\" data-settings=\"{&quot;turn_to_popup_action_button&quot;:&quot;no&quot;}\" data-widget_type=\"raven-button.default\">\n\t\t\t\t<div class=\"elementor-widget-container\">\n\t\t\t\t\t<div class=\"raven-widget-wrapper\">\n\t\t\t<a class=\"raven-button raven-button-widget-normal-effect-none elementor-button raven-button-text-align-center raven-button-link elementor-animation-none\" href=\"https:\/\/alchemistegy.com\/fr\/portfolio-category\/produit\/\">\t\t\t\t<div class=\"raven-button-overlay\" ><\/div>\n\t\t\t\t<span class=\"raven-button-content\">\n\t\t\t\t\t\n\t\t\t\t\t<div class=\"button-text-container\">\n\t\t\t\t\t\t\t\t\t\t\t\t<div class=\"raven-button-texts-wrapper\">\n\t\t\t\t\t\t\t<div class=\"button-text\">\n\t\t\t\t\t\t\t\t<span class=\"raven-button-text\">\n\t\t\t\t\t\t\t\t\tVoir nos produits\t\t\t\t\t\t\t\t<\/span>\n\t\t\t\t\t\t\t<\/div>\n\t\t\t\t\t\t\t\t\t\t\t\t\t<\/div>\n\t\t\t\t\t\t\t\t\t\t\t<\/div>\n\t\t\t\t\t\n\t\t\t\t\t\t\t\t\t<\/span>\n\t\t\t<\/a>\t\t<\/div>\n\t\t\t\t<\/div>\n\t\t\t\t<\/div>\n\t\t\t\t\t<\/div>\n\t\t\t\t<\/div>\n\t\t\t\t\t<\/div>\n\t\t\t\t<\/div>\n\t\t<div class=\"elementor-element elementor-element-57e89e46 e-flex e-con-boxed e-con e-child\" data-id=\"57e89e46\" data-element_type=\"container\">\n\t\t\t\t\t<div class=\"e-con-inner\">\n\t\t\t\t<div class=\"elementor-element elementor-element-bbff567 elementor-widget elementor-widget-raven-image\" data-id=\"bbff567\" data-element_type=\"widget\" data-widget_type=\"raven-image.default\">\n\t\t\t\t<div class=\"elementor-widget-container\">\n\t\t\t\t\t<div class=\"raven-image\">\n\t\t\n\t\t\n\t\t<img decoding=\"async\" src=\"https:\/\/alchemistegy.com\/wp-content\/uploads\/elementor\/thumbs\/our-pro-copy-qsgq2b998ncf852y2lohcdvxwbsabfyaoirvpijfyg.jpg\" title=\"our pro copy\" alt=\"our pro copy\" loading=\"lazy\" \/>\t\t<\/div>\n\t\t\t\t<\/div>\n\t\t\t\t<\/div>\n\t\t\t\t\t<\/div>\n\t\t\t\t<\/div>\n\t\t\t\t\t<\/div>\n\t\t\t\t<\/div>\n\t\t<div class=\"elementor-element elementor-element-2594e9ef e-flex e-con-boxed e-con e-parent\" data-id=\"2594e9ef\" data-element_type=\"container\" data-settings=\"{&quot;background_background&quot;:&quot;classic&quot;}\">\n\t\t\t\t\t<div class=\"e-con-inner\">\n\t\t\t\t<div class=\"elementor-element elementor-element-54438e9b elementor-align-center elementor-widget elementor-widget-raven-heading\" data-id=\"54438e9b\" data-element_type=\"widget\" data-widget_type=\"raven-heading.default\">\n\t\t\t\t<div class=\"elementor-widget-container\">\n\t\t\t\t\t<div class=\"raven-widget-wrapper\"><h2 class=\"raven-heading raven-heading-h2\"><span class=\"raven-heading-title \">Prenez contact avec nous.\n\n<\/span><\/h2><\/div>\n\t\t\t\t<\/div>\n\t\t\t\t<\/div>\n\t\t<div class=\"elementor-element elementor-element-417bf980 e-con-full e-flex e-con e-child\" data-id=\"417bf980\" data-element_type=\"container\">\n\t\t\t\t<div class=\"elementor-element elementor-element-bfab5f7 elementor-widget elementor-widget-raven-button\" data-id=\"bfab5f7\" data-element_type=\"widget\" data-settings=\"{&quot;turn_to_popup_action_button&quot;:&quot;no&quot;}\" data-widget_type=\"raven-button.default\">\n\t\t\t\t<div class=\"elementor-widget-container\">\n\t\t\t\t\t<div class=\"raven-widget-wrapper\">\n\t\t\t<a class=\"raven-button raven-button-widget-normal-effect-none elementor-button raven-button-text-align-center raven-button-link elementor-animation-none\" href=\"https:\/\/alchemistegy.com\/fr\/contact\/\">\t\t\t\t<div class=\"raven-button-overlay\" ><\/div>\n\t\t\t\t<span class=\"raven-button-content\">\n\t\t\t\t\t\n\t\t\t\t\t<div class=\"button-text-container\">\n\t\t\t\t\t\t\t\t\t\t\t\t<div class=\"raven-button-texts-wrapper\">\n\t\t\t\t\t\t\t<div class=\"button-text\">\n\t\t\t\t\t\t\t\t<span class=\"raven-button-text\">\n\t\t\t\t\t\t\t\t\tContactez nous\t\t\t\t\t\t\t\t<\/span>\n\t\t\t\t\t\t\t<\/div>\n\t\t\t\t\t\t\t\t\t\t\t\t\t<\/div>\n\t\t\t\t\t\t\t\t\t\t\t<\/div>\n\t\t\t\t\t\n\t\t\t\t\t\t\t\t\t<\/span>\n\t\t\t<\/a>\t\t<\/div>\n\t\t\t\t<\/div>\n\t\t\t\t<\/div>\n\t\t\t\t<\/div>\n\t\t\t\t\t<\/div>\n\t\t\t\t<\/div>\n\t\t\t\t<\/div>\n\t\t","protected":false},"excerpt":{"rendered":"<p>ALCHEMIST Que propose la soci\u00e9t\u00e9 ? La soci\u00e9t\u00e9 propose une large gamme de produits allant des huiles de base, des additifs et des lubrifiants, assur\u00e9s par un contr\u00f4le rigoureux en laboratoire. Cela garantit la constance des normes de qualit\u00e9 de nos produits. Notre entreprise est sp\u00e9cialis\u00e9e dans la fabrication de graisses industrielles et de graisses [&hellip;]<\/p>\n","protected":false},"author":1,"featured_media":0,"parent":0,"menu_order":0,"comment_status":"closed","ping_status":"closed","template":"full-width.php","meta":{"footnotes":""},"class_list":["post-1317","page","type-page","status-publish","hentry"],"_links":{"self":[{"href":"https:\/\/alchemistegy.com\/fr\/wp-json\/wp\/v2\/pages\/1317"}],"collection":[{"href":"https:\/\/alchemistegy.com\/fr\/wp-json\/wp\/v2\/pages"}],"about":[{"href":"https:\/\/alchemistegy.com\/fr\/wp-json\/wp\/v2\/types\/page"}],"author":[{"embeddable":true,"href":"https:\/\/alchemistegy.com\/fr\/wp-json\/wp\/v2\/users\/1"}],"replies":[{"embeddable":true,"href":"https:\/\/alchemistegy.com\/fr\/wp-json\/wp\/v2\/comments?post=1317"}],"version-history":[{"count":30,"href":"https:\/\/alchemistegy.com\/fr\/wp-json\/wp\/v2\/pages\/1317\/revisions"}],"predecessor-version":[{"id":1639,"href":"https:\/\/alchemistegy.com\/fr\/wp-json\/wp\/v2\/pages\/1317\/revisions\/1639"}],"wp:attachment":[{"href":"https:\/\/alchemistegy.com\/fr\/wp-json\/wp\/v2\/media?parent=1317"}],"curies":[{"name":"wp","href":"https:\/\/api.w.org\/{rel}","templated":true}]}}