{"id":1495,"date":"2024-08-03T19:59:28","date_gmt":"2024-08-03T19:59:28","guid":{"rendered":"https:\/\/alchemistegy.com\/homepage\/"},"modified":"2024-10-02T19:06:13","modified_gmt":"2024-10-02T19:06:13","slug":"homepage","status":"publish","type":"page","link":"https:\/\/alchemistegy.com\/pt-pt\/","title":{"rendered":"P\u00e1gina Inicial"},"content":{"rendered":"\t\t<div data-elementor-type=\"wp-page\" data-elementor-id=\"1495\" class=\"elementor elementor-1495 elementor-35\">\n\t\t\t\t<div class=\"elementor-element elementor-element-bffbc58 e-flex e-con-boxed e-con e-parent\" data-id=\"bffbc58\" data-element_type=\"container\" data-settings=\"{&quot;background_background&quot;:&quot;classic&quot;}\">\n\t\t\t\t\t<div class=\"e-con-inner\">\n\t\t\t\t<div class=\"elementor-element elementor-element-0c3c1c3 elementor-widget elementor-widget-heading\" data-id=\"0c3c1c3\" data-element_type=\"widget\" data-widget_type=\"heading.default\">\n\t\t\t\t<div class=\"elementor-widget-container\">\n\t\t\t<h1 class=\"elementor-heading-title elementor-size-default\">ALCHEMISTA<\/h1>\t\t<\/div>\n\t\t\t\t<\/div>\n\t\t<div class=\"elementor-element elementor-element-498a63d1 e-flex e-con-boxed e-con e-child\" data-id=\"498a63d1\" data-element_type=\"container\">\n\t\t\t\t\t<div class=\"e-con-inner\">\n\t\t\t\t\t<\/div>\n\t\t\t\t<\/div>\n\t\t\t\t\t<\/div>\n\t\t\t\t<\/div>\n\t\t<div class=\"elementor-element elementor-element-2137b531 e-flex e-con-boxed e-con e-parent\" data-id=\"2137b531\" data-element_type=\"container\" data-settings=\"{&quot;background_background&quot;:&quot;classic&quot;}\">\n\t\t\t\t\t<div class=\"e-con-inner\">\n\t\t<div class=\"elementor-element elementor-element-33255771 e-flex e-con-boxed e-con e-child\" data-id=\"33255771\" data-element_type=\"container\">\n\t\t\t\t\t<div class=\"e-con-inner\">\n\t\t<div class=\"elementor-element elementor-element-19beedb1 e-flex e-con-boxed e-con e-child\" data-id=\"19beedb1\" data-element_type=\"container\" data-settings=\"{&quot;background_background&quot;:&quot;classic&quot;}\">\n\t\t\t\t\t<div class=\"e-con-inner\">\n\t\t\t\t<div class=\"elementor-element elementor-element-75475fce elementor-tablet-align-left elementor-mobile-align-center elementor-align-left elementor-widget elementor-widget-raven-heading\" data-id=\"75475fce\" data-element_type=\"widget\" data-widget_type=\"raven-heading.default\">\n\t\t\t\t<div class=\"elementor-widget-container\">\n\t\t\t\t\t<div class=\"raven-widget-wrapper\"><h2 class=\"raven-heading raven-heading-h2\"><span class=\"raven-heading-title \">Quais s\u00e3o os\nservi\u00e7os da\nempresa<\/span><\/h2><\/div>\n\t\t\t\t<\/div>\n\t\t\t\t<\/div>\n\t\t\t\t<div class=\"elementor-element elementor-element-c4c46ff elementor-widget elementor-widget-text-editor\" data-id=\"c4c46ff\" data-element_type=\"widget\" data-widget_type=\"text-editor.default\">\n\t\t\t\t<div class=\"elementor-widget-container\">\n\t\t\t\t\t\t\t<p>A empresa disp\u00f5e de uma vasta gama de produtos, desde \u00f3leos de base, aditivos e lubrificantes, que s\u00e3o assegurados atrav\u00e9s de um exame minucioso e de um controlo laboratorial, o que garante os padr\u00f5es de qualidade cont\u00ednua dos nossos produtos.<\/p>\t\t\t\t\t\t<\/div>\n\t\t\t\t<\/div>\n\t\t\t\t<div class=\"elementor-element elementor-element-f4f44c0 elementor-widget elementor-widget-text-editor\" data-id=\"f4f44c0\" data-element_type=\"widget\" data-widget_type=\"text-editor.default\">\n\t\t\t\t<div class=\"elementor-widget-container\">\n\t\t\t\t\t\t\t<p>A nossa empresa \u00e9 especialista no fabrico de massas lubrificantes para a ind\u00fastria e massas lubrificantes multiusos com elevado desempenho e utiliza\u00e7\u00e3o segura, pelo que a nossa empresa fornece aos clientes de v\u00e1rias ind\u00fastrias um conjunto completo de solu\u00e7\u00f5es de lubrifica\u00e7\u00e3o de precis\u00e3o com uma vasta gama de produtos utilizados em \u00e1reas como a ind\u00fastria sider\u00fargica, autom\u00f3vel e maquinaria industrial.<\/p>\t\t\t\t\t\t<\/div>\n\t\t\t\t<\/div>\n\t\t\t\t\t<\/div>\n\t\t\t\t<\/div>\n\t\t<div class=\"elementor-element elementor-element-4ab16538 e-flex e-con-boxed e-con e-child\" data-id=\"4ab16538\" data-element_type=\"container\">\n\t\t\t\t\t<div class=\"e-con-inner\">\n\t\t<div class=\"elementor-element elementor-element-6cb53867 e-flex e-con-boxed e-con e-child\" data-id=\"6cb53867\" data-element_type=\"container\">\n\t\t\t\t\t<div class=\"e-con-inner\">\n\t\t\t\t\t<\/div>\n\t\t\t\t<\/div>\n\t\t\t\t\t<\/div>\n\t\t\t\t<\/div>\n\t\t\t\t\t<\/div>\n\t\t\t\t<\/div>\n\t\t\t\t\t<\/div>\n\t\t\t\t<\/div>\n\t\t<div class=\"elementor-element elementor-element-3ff7e8f7 e-flex e-con-boxed e-con e-parent\" data-id=\"3ff7e8f7\" data-element_type=\"container\" data-settings=\"{&quot;background_background&quot;:&quot;classic&quot;}\">\n\t\t\t\t\t<div class=\"e-con-inner\">\n\t\t<div class=\"elementor-element elementor-element-2a861d16 e-con-full e-flex e-con e-child\" data-id=\"2a861d16\" data-element_type=\"container\">\n\t\t<div class=\"elementor-element elementor-element-590881a0 e-flex e-con-boxed e-con e-child\" data-id=\"590881a0\" data-element_type=\"container\">\n\t\t\t\t\t<div class=\"e-con-inner\">\n\t\t\t\t\t<\/div>\n\t\t\t\t<\/div>\n\t\t\t\t<\/div>\n\t\t<div class=\"elementor-element elementor-element-63f847af e-con-full e-flex e-con e-child\" data-id=\"63f847af\" data-element_type=\"container\">\n\t\t<div class=\"elementor-element elementor-element-2f90e809 e-flex e-con-boxed e-con e-child\" data-id=\"2f90e809\" data-element_type=\"container\" data-settings=\"{&quot;background_background&quot;:&quot;classic&quot;}\">\n\t\t\t\t\t<div class=\"e-con-inner\">\n\t\t\t\t<div class=\"elementor-element elementor-element-3f482b03 elementor-tablet-align-center elementor-align-center elementor-widget elementor-widget-raven-heading\" data-id=\"3f482b03\" data-element_type=\"widget\" data-widget_type=\"raven-heading.default\">\n\t\t\t\t<div class=\"elementor-widget-container\">\n\t\t\t\t\t<div class=\"raven-widget-wrapper\"><h2 class=\"raven-heading raven-heading-h2\"><span class=\"raven-heading-title \">A nossa\nmiss\u00e3o<\/span><\/h2><\/div>\n\t\t\t\t<\/div>\n\t\t\t\t<\/div>\n\t\t\t\t<div class=\"elementor-element elementor-element-3502efdd elementor-widget elementor-widget-text-editor\" data-id=\"3502efdd\" data-element_type=\"widget\" data-widget_type=\"text-editor.default\">\n\t\t\t\t<div class=\"elementor-widget-container\">\n\t\t\t\t\t\t\t<p>A nossa miss\u00e3o \u00e9 ser o parceiro preferido e de confian\u00e7a das empresas que procuram solu\u00e7\u00f5es fi\u00e1veis e de elevado desempenho para massas lubrificantes industriais. Estamos empenhados em fornecer produtos excepcionais, conhecimentos t\u00e9cnicos e um servi\u00e7o ao cliente sem paralelo, assegurando a efici\u00eancia operacional e a sustentabilidade das empresas dos nossos clientes e inovando e melhorando continuamente os nossos produtos para exceder os padr\u00f5es da ind\u00fastria, proporcionando uma fiabilidade e longevidade inigual\u00e1veis.<\/p>\t\t\t\t\t\t<\/div>\n\t\t\t\t<\/div>\n\t\t\t\t\t<\/div>\n\t\t\t\t<\/div>\n\t\t\t\t<\/div>\n\t\t\t\t\t<\/div>\n\t\t\t\t<\/div>\n\t\t<div class=\"elementor-element elementor-element-951c6ca e-flex e-con-boxed e-con e-parent\" data-id=\"951c6ca\" data-element_type=\"container\" data-settings=\"{&quot;background_background&quot;:&quot;classic&quot;}\">\n\t\t\t\t\t<div class=\"e-con-inner\">\n\t\t<div class=\"elementor-element elementor-element-33d010f6 e-con-full e-flex e-con e-child\" data-id=\"33d010f6\" data-element_type=\"container\">\n\t\t\t\t<div class=\"elementor-element elementor-element-2a77d959 elementor-tablet-align-left elementor-align-center elementor-mobile-align-center elementor-widget elementor-widget-raven-heading\" data-id=\"2a77d959\" data-element_type=\"widget\" data-widget_type=\"raven-heading.default\">\n\t\t\t\t<div class=\"elementor-widget-container\">\n\t\t\t\t\t<div class=\"raven-widget-wrapper\"><h2 class=\"raven-heading raven-heading-h2\"><span class=\"raven-heading-title \">A nossa\nvis\u00e3o<\/span><\/h2><\/div>\n\t\t\t\t<\/div>\n\t\t\t\t<\/div>\n\t\t\t\t<\/div>\n\t\t<div class=\"elementor-element elementor-element-784418ef e-flex e-con-boxed e-con e-child\" data-id=\"784418ef\" data-element_type=\"container\" data-settings=\"{&quot;background_background&quot;:&quot;classic&quot;}\">\n\t\t\t\t\t<div class=\"e-con-inner\">\n\t\t<div class=\"elementor-element elementor-element-47c70f1a e-flex e-con-boxed e-con e-child\" data-id=\"47c70f1a\" data-element_type=\"container\">\n\t\t\t\t\t<div class=\"e-con-inner\">\n\t\t\t\t<div class=\"elementor-element elementor-element-42f91ef3 elementor-align-center elementor-widget elementor-widget-raven-heading\" data-id=\"42f91ef3\" data-element_type=\"widget\" data-widget_type=\"raven-heading.default\">\n\t\t\t\t<div class=\"elementor-widget-container\">\n\t\t\t\t\t<div class=\"raven-widget-wrapper\"><h2 class=\"raven-heading raven-heading-h2\"><span class=\"raven-heading-title \">Lideran\u00e7a no sector\n<\/span><\/h2><\/div>\n\t\t\t\t<\/div>\n\t\t\t\t<\/div>\n\t\t\t\t<div class=\"elementor-element elementor-element-6c651967 elementor-widget elementor-widget-text-editor\" data-id=\"6c651967\" data-element_type=\"widget\" data-widget_type=\"text-editor.default\">\n\t\t\t\t<div class=\"elementor-widget-container\">\n\t\t\t\t\t\t\t<p>Aspiramos a estabelecer a Alchemist como a principal escolha para solu\u00e7\u00f5es de<br \/>massas e lubrificantes, estabelecendo novas refer\u00eancias em termos de desempenho e fiabilidade.<\/p>\t\t\t\t\t\t<\/div>\n\t\t\t\t<\/div>\n\t\t\t\t\t<\/div>\n\t\t\t\t<\/div>\n\t\t<div class=\"elementor-element elementor-element-36c802a5 e-flex e-con-boxed e-con e-child\" data-id=\"36c802a5\" data-element_type=\"container\">\n\t\t\t\t\t<div class=\"e-con-inner\">\n\t\t\t\t<div class=\"elementor-element elementor-element-799d72e9 elementor-align-center elementor-widget elementor-widget-raven-heading\" data-id=\"799d72e9\" data-element_type=\"widget\" data-widget_type=\"raven-heading.default\">\n\t\t\t\t<div class=\"elementor-widget-container\">\n\t\t\t\t\t<div class=\"raven-widget-wrapper\"><h2 class=\"raven-heading raven-heading-h2\"><span class=\"raven-heading-title \">Expans\u00e3o mundial\n<\/span><\/h2><\/div>\n\t\t\t\t<\/div>\n\t\t\t\t<\/div>\n\t\t\t\t<div class=\"elementor-element elementor-element-52224f92 elementor-widget elementor-widget-text-editor\" data-id=\"52224f92\" data-element_type=\"widget\" data-widget_type=\"text-editor.default\">\n\t\t\t\t<div class=\"elementor-widget-container\">\n\t\t\t\t\t\t\t<p>Como parte da nossa vis\u00e3o futura, pretendemos expandir o nosso alcance e tornarmo-nos um l\u00edder mundialmente reconhecido em solu\u00e7\u00f5es avan\u00e7adas de lubrifica\u00e7\u00e3o.<\/p>\t\t\t\t\t\t<\/div>\n\t\t\t\t<\/div>\n\t\t\t\t\t<\/div>\n\t\t\t\t<\/div>\n\t\t<div class=\"elementor-element elementor-element-62387411 e-flex e-con-boxed e-con e-child\" data-id=\"62387411\" data-element_type=\"container\">\n\t\t\t\t\t<div class=\"e-con-inner\">\n\t\t\t\t<div class=\"elementor-element elementor-element-617b96ed elementor-align-center elementor-widget elementor-widget-raven-heading\" data-id=\"617b96ed\" data-element_type=\"widget\" data-widget_type=\"raven-heading.default\">\n\t\t\t\t<div class=\"elementor-widget-container\">\n\t\t\t\t\t<div class=\"raven-widget-wrapper\"><h2 class=\"raven-heading raven-heading-h2\"><span class=\"raven-heading-title \">A nossa vis\u00e3o\n<\/span><\/h2><\/div>\n\t\t\t\t<\/div>\n\t\t\t\t<\/div>\n\t\t\t\t<div class=\"elementor-element elementor-element-6344d0a0 elementor-widget elementor-widget-text-editor\" data-id=\"6344d0a0\" data-element_type=\"widget\" data-widget_type=\"text-editor.default\">\n\t\t\t\t<div class=\"elementor-widget-container\">\n\t\t\t\t\t\t\t<p>A nossa vis\u00e3o \u00e9 liderar a ind\u00fastria em termos de inova\u00e7\u00e3o, sustentabilidade e valor para o cliente. O nosso objetivo \u00e9 revolucionar os lubrificantes industriais atrav\u00e9s de tecnologia de ponta, investiga\u00e7\u00e3o e desenvolvimento cont\u00ednuos e uma forte.<\/p>\t\t\t\t\t\t<\/div>\n\t\t\t\t<\/div>\n\t\t\t\t\t<\/div>\n\t\t\t\t<\/div>\n\t\t\t\t\t<\/div>\n\t\t\t\t<\/div>\n\t\t\t\t\t<\/div>\n\t\t\t\t<\/div>\n\t\t<div class=\"elementor-element elementor-element-bd727f1 e-flex e-con-boxed e-con e-parent\" data-id=\"bd727f1\" data-element_type=\"container\" data-settings=\"{&quot;background_background&quot;:&quot;classic&quot;}\">\n\t\t\t\t\t<div class=\"e-con-inner\">\n\t\t<div class=\"elementor-element elementor-element-2ee8c67f e-flex e-con-boxed e-con e-child\" data-id=\"2ee8c67f\" data-element_type=\"container\">\n\t\t\t\t\t<div class=\"e-con-inner\">\n\t\t<div class=\"elementor-element elementor-element-475ffda8 e-flex e-con-boxed e-con e-child\" data-id=\"475ffda8\" data-element_type=\"container\">\n\t\t\t\t\t<div class=\"e-con-inner\">\n\t\t\t\t<div class=\"elementor-element elementor-element-351c7a87 elementor-tablet-align-center elementor-align-center elementor-widget elementor-widget-raven-heading\" data-id=\"351c7a87\" data-element_type=\"widget\" data-widget_type=\"raven-heading.default\">\n\t\t\t\t<div class=\"elementor-widget-container\">\n\t\t\t\t\t<div class=\"raven-widget-wrapper\"><h2 class=\"raven-heading raven-heading-h2\"><span class=\"raven-heading-title \">Plano de neg\u00f3cios<\/span><\/h2><\/div>\n\t\t\t\t<\/div>\n\t\t\t\t<\/div>\n\t\t\t\t\t<\/div>\n\t\t\t\t<\/div>\n\t\t\t\t\t<\/div>\n\t\t\t\t<\/div>\n\t\t<div class=\"elementor-element elementor-element-3aa95a9 e-flex e-con-boxed e-con e-child\" data-id=\"3aa95a9\" data-element_type=\"container\" data-settings=\"{&quot;background_background&quot;:&quot;classic&quot;}\">\n\t\t\t\t\t<div class=\"e-con-inner\">\n\t\t<div class=\"elementor-element elementor-element-2087050 e-con-full e-flex e-con e-child\" data-id=\"2087050\" data-element_type=\"container\">\n\t\t<div class=\"elementor-element elementor-element-eb77707 e-flex e-con-boxed e-con e-child\" data-id=\"eb77707\" data-element_type=\"container\">\n\t\t\t\t\t<div class=\"e-con-inner\">\n\t\t\t\t<div class=\"elementor-element elementor-element-0c8e0b8 elementor-align-left elementor-widget elementor-widget-raven-heading\" data-id=\"0c8e0b8\" data-element_type=\"widget\" data-widget_type=\"raven-heading.default\">\n\t\t\t\t<div class=\"elementor-widget-container\">\n\t\t\t\t\t<div class=\"raven-widget-wrapper\"><p class=\"raven-heading raven-heading-p\"><span class=\"raven-heading-title \">1- Expans\u00e3o do Mercado \nImplementar estrat\u00e9gias direcionadas para expandir a presen\u00e7a no mercado e fornecer solu\u00e7\u00f5es de lubrifica\u00e7\u00e3o personalizadas a novas ind\u00fastrias.<\/span><\/p><\/div>\n\t\t\t\t<\/div>\n\t\t\t\t<\/div>\n\t\t\t\t\t<\/div>\n\t\t\t\t<\/div>\n\t\t<div class=\"elementor-element elementor-element-b8b7182 e-flex e-con-boxed e-con e-child\" data-id=\"b8b7182\" data-element_type=\"container\">\n\t\t\t\t\t<div class=\"e-con-inner\">\n\t\t\t\t<div class=\"elementor-element elementor-element-ecfc31e elementor-align-left elementor-widget elementor-widget-raven-heading\" data-id=\"ecfc31e\" data-element_type=\"widget\" data-widget_type=\"raven-heading.default\">\n\t\t\t\t<div class=\"elementor-widget-container\">\n\t\t\t\t\t<div class=\"raven-widget-wrapper\"><h2 class=\"raven-heading raven-heading-h2\"><span class=\"raven-heading-title \">2- Parcerias e colabora\u00e7\u00f5es\nForjar parcerias e colabora\u00e7\u00f5es estrat\u00e9gicas\npara expandir a experi\u00eancia e fornecer\nsolu\u00e7\u00f5es inovadoras de graxa.<\/span><\/h2><\/div>\n\t\t\t\t<\/div>\n\t\t\t\t<\/div>\n\t\t\t\t\t<\/div>\n\t\t\t\t<\/div>\n\t\t<div class=\"elementor-element elementor-element-5411edd e-flex e-con-boxed e-con e-child\" data-id=\"5411edd\" data-element_type=\"container\">\n\t\t\t\t\t<div class=\"e-con-inner\">\n\t\t\t\t<div class=\"elementor-element elementor-element-7ef296f elementor-align-left elementor-widget elementor-widget-raven-heading\" data-id=\"7ef296f\" data-element_type=\"widget\" data-widget_type=\"raven-heading.default\">\n\t\t\t\t<div class=\"elementor-widget-container\">\n\t\t\t\t\t<div class=\"raven-widget-wrapper\"><h2 class=\"raven-heading raven-heading-h2\"><span class=\"raven-heading-title \">3- Iniciativas de Sustentabilidade\nEstamos empenhados em ser pioneiros em\npr\u00e1ticas sustent\u00e1veis, assegurando que as\nnossas opera\u00e7\u00f5es e produtos est\u00e3o em\nconformidade com as normas ambientais e\nconsidera\u00e7\u00f5es \u00e9ticas.<\/span><\/h2><\/div>\n\t\t\t\t<\/div>\n\t\t\t\t<\/div>\n\t\t\t\t\t<\/div>\n\t\t\t\t<\/div>\n\t\t\t\t<\/div>\n\t\t\t\t\t<\/div>\n\t\t\t\t<\/div>\n\t\t\t\t\t<\/div>\n\t\t\t\t<\/div>\n\t\t<div class=\"elementor-element elementor-element-49e9b07 e-flex e-con-boxed e-con e-parent\" data-id=\"49e9b07\" data-element_type=\"container\">\n\t\t\t\t\t<div class=\"e-con-inner\">\n\t\t<div class=\"elementor-element elementor-element-7df2457b e-flex e-con-boxed e-con e-child\" data-id=\"7df2457b\" data-element_type=\"container\">\n\t\t\t\t\t<div class=\"e-con-inner\">\n\t\t<div class=\"elementor-element elementor-element-3c00ec9e e-flex e-con-boxed e-con e-child\" data-id=\"3c00ec9e\" data-element_type=\"container\">\n\t\t\t\t\t<div class=\"e-con-inner\">\n\t\t\t\t<div class=\"elementor-element elementor-element-46b58427 elementor-tablet-align-center elementor-align-center elementor-widget elementor-widget-raven-heading\" data-id=\"46b58427\" data-element_type=\"widget\" data-widget_type=\"raven-heading.default\">\n\t\t\t\t<div class=\"elementor-widget-container\">\n\t\t\t\t\t<div class=\"raven-widget-wrapper\"><h2 class=\"raven-heading raven-heading-h2\"><span class=\"raven-heading-title \">O NOSSO PRODUTO<\/span><\/h2><\/div>\n\t\t\t\t<\/div>\n\t\t\t\t<\/div>\n\t\t\t\t<div class=\"elementor-element elementor-element-8192483 elementor-align-center elementor-widget elementor-widget-raven-button\" data-id=\"8192483\" data-element_type=\"widget\" data-settings=\"{&quot;turn_to_popup_action_button&quot;:&quot;no&quot;}\" data-widget_type=\"raven-button.default\">\n\t\t\t\t<div class=\"elementor-widget-container\">\n\t\t\t\t\t<div class=\"raven-widget-wrapper\">\n\t\t\t<a class=\"raven-button raven-button-widget-normal-effect-none elementor-button raven-button-text-align-center raven-button-link elementor-animation-none\" href=\"https:\/\/alchemistegy.com\/pt-pt\/portfolio-category\/produto\/\">\t\t\t\t<div class=\"raven-button-overlay\" ><\/div>\n\t\t\t\t<span class=\"raven-button-content\">\n\t\t\t\t\t\n\t\t\t\t\t<div class=\"button-text-container\">\n\t\t\t\t\t\t\t\t\t\t\t\t<div class=\"raven-button-texts-wrapper\">\n\t\t\t\t\t\t\t<div class=\"button-text\">\n\t\t\t\t\t\t\t\t<span class=\"raven-button-text\">\n\t\t\t\t\t\t\t\t\tVeja nossos produtos\t\t\t\t\t\t\t\t<\/span>\n\t\t\t\t\t\t\t<\/div>\n\t\t\t\t\t\t\t\t\t\t\t\t\t<\/div>\n\t\t\t\t\t\t\t\t\t\t\t<\/div>\n\t\t\t\t\t\n\t\t\t\t\t\t\t\t\t<\/span>\n\t\t\t<\/a>\t\t<\/div>\n\t\t\t\t<\/div>\n\t\t\t\t<\/div>\n\t\t\t\t\t<\/div>\n\t\t\t\t<\/div>\n\t\t\t\t\t<\/div>\n\t\t\t\t<\/div>\n\t\t<div class=\"elementor-element elementor-element-57e89e46 e-flex e-con-boxed e-con e-child\" data-id=\"57e89e46\" data-element_type=\"container\">\n\t\t\t\t\t<div class=\"e-con-inner\">\n\t\t\t\t<div class=\"elementor-element elementor-element-bbff567 elementor-widget elementor-widget-raven-image\" data-id=\"bbff567\" data-element_type=\"widget\" data-widget_type=\"raven-image.default\">\n\t\t\t\t<div class=\"elementor-widget-container\">\n\t\t\t\t\t<div class=\"raven-image\">\n\t\t\n\t\t\n\t\t<img decoding=\"async\" src=\"https:\/\/alchemistegy.com\/wp-content\/uploads\/elementor\/thumbs\/our-pro-copy-qsgq2b998ncf852y2lohcdvxwbsabfyaoirvpijfyg.jpg\" title=\"our pro copy\" alt=\"our pro copy\" loading=\"lazy\" \/>\t\t<\/div>\n\t\t\t\t<\/div>\n\t\t\t\t<\/div>\n\t\t\t\t\t<\/div>\n\t\t\t\t<\/div>\n\t\t\t\t\t<\/div>\n\t\t\t\t<\/div>\n\t\t<div class=\"elementor-element elementor-element-2594e9ef e-flex e-con-boxed e-con e-parent\" data-id=\"2594e9ef\" data-element_type=\"container\" data-settings=\"{&quot;background_background&quot;:&quot;classic&quot;}\">\n\t\t\t\t\t<div class=\"e-con-inner\">\n\t\t\t\t<div class=\"elementor-element elementor-element-54438e9b elementor-align-center elementor-widget elementor-widget-raven-heading\" data-id=\"54438e9b\" data-element_type=\"widget\" data-widget_type=\"raven-heading.default\">\n\t\t\t\t<div class=\"elementor-widget-container\">\n\t\t\t\t\t<div class=\"raven-widget-wrapper\"><h2 class=\"raven-heading raven-heading-h2\"><span class=\"raven-heading-title \">Entre em contato conosco.<\/span><\/h2><\/div>\n\t\t\t\t<\/div>\n\t\t\t\t<\/div>\n\t\t<div class=\"elementor-element elementor-element-417bf980 e-con-full e-flex e-con e-child\" data-id=\"417bf980\" data-element_type=\"container\">\n\t\t\t\t<div class=\"elementor-element elementor-element-bfab5f7 elementor-widget elementor-widget-raven-button\" data-id=\"bfab5f7\" data-element_type=\"widget\" data-settings=\"{&quot;turn_to_popup_action_button&quot;:&quot;no&quot;}\" data-widget_type=\"raven-button.default\">\n\t\t\t\t<div class=\"elementor-widget-container\">\n\t\t\t\t\t<div class=\"raven-widget-wrapper\">\n\t\t\t<a class=\"raven-button raven-button-widget-normal-effect-none elementor-button raven-button-text-align-center raven-button-link elementor-animation-none\" href=\"https:\/\/alchemistegy.com\/pt-pt\/fale-conosco\/\">\t\t\t\t<div class=\"raven-button-overlay\" ><\/div>\n\t\t\t\t<span class=\"raven-button-content\">\n\t\t\t\t\t\n\t\t\t\t\t<div class=\"button-text-container\">\n\t\t\t\t\t\t\t\t\t\t\t\t<div class=\"raven-button-texts-wrapper\">\n\t\t\t\t\t\t\t<div class=\"button-text\">\n\t\t\t\t\t\t\t\t<span class=\"raven-button-text\">\n\t\t\t\t\t\t\t\t\tContate-nos\t\t\t\t\t\t\t\t<\/span>\n\t\t\t\t\t\t\t<\/div>\n\t\t\t\t\t\t\t\t\t\t\t\t\t<\/div>\n\t\t\t\t\t\t\t\t\t\t\t<\/div>\n\t\t\t\t\t\n\t\t\t\t\t\t\t\t\t<\/span>\n\t\t\t<\/a>\t\t<\/div>\n\t\t\t\t<\/div>\n\t\t\t\t<\/div>\n\t\t\t\t<\/div>\n\t\t\t\t\t<\/div>\n\t\t\t\t<\/div>\n\t\t\t\t<\/div>\n\t\t","protected":false},"excerpt":{"rendered":"<p>ALCHEMISTA Quais s\u00e3o os servi\u00e7os da empresa A empresa disp\u00f5e de uma vasta gama de produtos, desde \u00f3leos de base, aditivos e lubrificantes, que s\u00e3o assegurados atrav\u00e9s de um exame minucioso e de um controlo laboratorial, o que garante os padr\u00f5es de qualidade cont\u00ednua dos nossos produtos. A nossa empresa \u00e9 especialista no fabrico de [&hellip;]<\/p>\n","protected":false},"author":1,"featured_media":0,"parent":0,"menu_order":0,"comment_status":"closed","ping_status":"closed","template":"full-width.php","meta":{"footnotes":""},"class_list":["post-1495","page","type-page","status-publish","hentry"],"_links":{"self":[{"href":"https:\/\/alchemistegy.com\/pt-pt\/wp-json\/wp\/v2\/pages\/1495"}],"collection":[{"href":"https:\/\/alchemistegy.com\/pt-pt\/wp-json\/wp\/v2\/pages"}],"about":[{"href":"https:\/\/alchemistegy.com\/pt-pt\/wp-json\/wp\/v2\/types\/page"}],"author":[{"embeddable":true,"href":"https:\/\/alchemistegy.com\/pt-pt\/wp-json\/wp\/v2\/users\/1"}],"replies":[{"embeddable":true,"href":"https:\/\/alchemistegy.com\/pt-pt\/wp-json\/wp\/v2\/comments?post=1495"}],"version-history":[{"count":49,"href":"https:\/\/alchemistegy.com\/pt-pt\/wp-json\/wp\/v2\/pages\/1495\/revisions"}],"predecessor-version":[{"id":1655,"href":"https:\/\/alchemistegy.com\/pt-pt\/wp-json\/wp\/v2\/pages\/1495\/revisions\/1655"}],"wp:attachment":[{"href":"https:\/\/alchemistegy.com\/pt-pt\/wp-json\/wp\/v2\/media?parent=1495"}],"curies":[{"name":"wp","href":"https:\/\/api.w.org\/{rel}","templated":true}]}}