{"id":1497,"date":"2024-08-18T17:52:39","date_gmt":"2024-08-18T17:52:39","guid":{"rendered":"https:\/\/alchemistegy.com\/about-us\/"},"modified":"2024-10-02T19:10:04","modified_gmt":"2024-10-02T19:10:04","slug":"sobre-nos","status":"publish","type":"page","link":"https:\/\/alchemistegy.com\/pt-pt\/sobre-nos\/","title":{"rendered":"Sobre N\u00f3s"},"content":{"rendered":"\t\t<div data-elementor-type=\"wp-page\" data-elementor-id=\"1497\" class=\"elementor elementor-1497 elementor-297\">\n\t\t\t\t<div class=\"elementor-element elementor-element-43de6c6f e-flex e-con-boxed e-con e-parent\" data-id=\"43de6c6f\" data-element_type=\"container\" data-settings=\"{&quot;background_background&quot;:&quot;classic&quot;}\">\n\t\t\t\t\t<div class=\"e-con-inner\">\n\t\t\t\t<div class=\"elementor-element elementor-element-10f74a70 elementor-align-center elementor-mobile-align-center elementor-widget elementor-widget-raven-heading\" data-id=\"10f74a70\" data-element_type=\"widget\" data-widget_type=\"raven-heading.default\">\n\t\t\t\t<div class=\"elementor-widget-container\">\n\t\t\t\t\t<div class=\"raven-widget-wrapper\"><h2 class=\"raven-heading raven-heading-h2\"><span class=\"raven-heading-title \">Sobre n\u00f3s<\/span><\/h2><\/div>\n\t\t\t\t<\/div>\n\t\t\t\t<\/div>\n\t\t\t\t\t<\/div>\n\t\t\t\t<\/div>\n\t\t<div class=\"elementor-element elementor-element-2f887205 e-flex e-con-boxed e-con e-parent\" data-id=\"2f887205\" data-element_type=\"container\">\n\t\t\t\t\t<div class=\"e-con-inner\">\n\t\t\t\t<div class=\"elementor-element elementor-element-1d759bf4 elementor-tablet-align-center elementor-align-left elementor-widget elementor-widget-raven-heading\" data-id=\"1d759bf4\" data-element_type=\"widget\" data-widget_type=\"raven-heading.default\">\n\t\t\t\t<div class=\"elementor-widget-container\">\n\t\t\t\t\t<div class=\"raven-widget-wrapper\"><h2 class=\"raven-heading raven-heading-h2\"><span class=\"raven-heading-title \">Quais s\u00e3o os\nservi\u00e7os da\nempresa<\/span><\/h2><\/div>\n\t\t\t\t<\/div>\n\t\t\t\t<\/div>\n\t\t<div class=\"elementor-element elementor-element-4e825fc8 e-flex e-con-boxed e-con e-child\" data-id=\"4e825fc8\" data-element_type=\"container\">\n\t\t\t\t\t<div class=\"e-con-inner\">\n\t\t<div class=\"elementor-element elementor-element-b252a55 e-flex e-con-boxed e-con e-child\" data-id=\"b252a55\" data-element_type=\"container\">\n\t\t\t\t\t<div class=\"e-con-inner\">\n\t\t\t\t<div class=\"elementor-element elementor-element-6a4766c9 elementor-widget elementor-widget-text-editor\" data-id=\"6a4766c9\" data-element_type=\"widget\" data-widget_type=\"text-editor.default\">\n\t\t\t\t<div class=\"elementor-widget-container\">\n\t\t\t\t\t\t\t<p>A empresa disp\u00f5e de uma vasta gama de produtos, desde \u00f3leos de base, aditivos e<br \/>lubrificantes, que s\u00e3o assegurados atrav\u00e9s de um exame minucioso e de um controlo laboratorial, o que garante os padr\u00f5es de qualidade cont\u00ednua dos nossos produtos.<\/p>\t\t\t\t\t\t<\/div>\n\t\t\t\t<\/div>\n\t\t\t\t<div class=\"elementor-element elementor-element-59d430c elementor-widget elementor-widget-text-editor\" data-id=\"59d430c\" data-element_type=\"widget\" data-widget_type=\"text-editor.default\">\n\t\t\t\t<div class=\"elementor-widget-container\">\n\t\t\t\t\t\t\t<p>A nossa empresa \u00e9 especialista no fabrico de massas lubrificantes para a ind\u00fastria e massas lubrificantes multiusos com elevado desempenho e utiliza\u00e7\u00e3o segura, pelo que a nossa empresa fornece aos clientes de v\u00e1rias ind\u00fastrias um conjunto completo de solu\u00e7\u00f5es de lubrifica\u00e7\u00e3o de precis\u00e3o com uma vasta gama de produtos utilizados em \u00e1reas como a ind\u00fastria sider\u00fargica, autom\u00f3vel e maquinaria industrial.<\/p>\t\t\t\t\t\t<\/div>\n\t\t\t\t<\/div>\n\t\t\t\t\t<\/div>\n\t\t\t\t<\/div>\n\t\t<div class=\"elementor-element elementor-element-63b58a4c e-con-full e-flex e-con e-child\" data-id=\"63b58a4c\" data-element_type=\"container\">\n\t\t<div class=\"elementor-element elementor-element-8b611d0 e-con-full e-flex e-con e-child\" data-id=\"8b611d0\" data-element_type=\"container\">\n\t\t\t\t<div class=\"elementor-element elementor-element-1f4dced elementor-widget elementor-widget-image\" data-id=\"1f4dced\" data-element_type=\"widget\" data-widget_type=\"image.default\">\n\t\t\t\t<div class=\"elementor-widget-container\">\n\t\t\t\t\t\t\t\t\t\t\t\t\t<img fetchpriority=\"high\" decoding=\"async\" width=\"512\" height=\"512\" src=\"https:\/\/alchemistegy.com\/wp-content\/uploads\/2024\/08\/cropped-cropped-cropped-cropped-DATA-01.png\" class=\"attachment-large size-large wp-image-158\" alt=\"\" srcset=\"https:\/\/alchemistegy.com\/wp-content\/uploads\/2024\/08\/cropped-cropped-cropped-cropped-DATA-01.png 512w, https:\/\/alchemistegy.com\/wp-content\/uploads\/2024\/08\/cropped-cropped-cropped-cropped-DATA-01-300x300.png 300w, https:\/\/alchemistegy.com\/wp-content\/uploads\/2024\/08\/cropped-cropped-cropped-cropped-DATA-01-150x150.png 150w, https:\/\/alchemistegy.com\/wp-content\/uploads\/2024\/08\/cropped-cropped-cropped-cropped-DATA-01-500x500.png 500w, https:\/\/alchemistegy.com\/wp-content\/uploads\/2024\/08\/cropped-cropped-cropped-cropped-DATA-01-270x270.png 270w, https:\/\/alchemistegy.com\/wp-content\/uploads\/2024\/08\/cropped-cropped-cropped-cropped-DATA-01-192x192.png 192w, https:\/\/alchemistegy.com\/wp-content\/uploads\/2024\/08\/cropped-cropped-cropped-cropped-DATA-01-180x180.png 180w, https:\/\/alchemistegy.com\/wp-content\/uploads\/2024\/08\/cropped-cropped-cropped-cropped-DATA-01-32x32.png 32w\" sizes=\"(max-width: 512px) 100vw, 512px\" \/>\t\t\t\t\t\t\t\t\t\t\t\t\t<\/div>\n\t\t\t\t<\/div>\n\t\t\t\t<\/div>\n\t\t\t\t<\/div>\n\t\t\t\t\t<\/div>\n\t\t\t\t<\/div>\n\t\t\t\t\t<\/div>\n\t\t\t\t<\/div>\n\t\t\t\t<\/div>\n\t\t","protected":false},"excerpt":{"rendered":"<p>Sobre n\u00f3s Quais s\u00e3o os servi\u00e7os da empresa A empresa disp\u00f5e de uma vasta gama de produtos, desde \u00f3leos de base, aditivos elubrificantes, que s\u00e3o assegurados atrav\u00e9s de um exame minucioso e de um controlo laboratorial, o que garante os padr\u00f5es de qualidade cont\u00ednua dos nossos produtos. A nossa empresa \u00e9 especialista no fabrico de [&hellip;]<\/p>\n","protected":false},"author":1,"featured_media":0,"parent":0,"menu_order":0,"comment_status":"closed","ping_status":"closed","template":"","meta":{"footnotes":""},"class_list":["post-1497","page","type-page","status-publish","hentry"],"_links":{"self":[{"href":"https:\/\/alchemistegy.com\/pt-pt\/wp-json\/wp\/v2\/pages\/1497"}],"collection":[{"href":"https:\/\/alchemistegy.com\/pt-pt\/wp-json\/wp\/v2\/pages"}],"about":[{"href":"https:\/\/alchemistegy.com\/pt-pt\/wp-json\/wp\/v2\/types\/page"}],"author":[{"embeddable":true,"href":"https:\/\/alchemistegy.com\/pt-pt\/wp-json\/wp\/v2\/users\/1"}],"replies":[{"embeddable":true,"href":"https:\/\/alchemistegy.com\/pt-pt\/wp-json\/wp\/v2\/comments?post=1497"}],"version-history":[{"count":7,"href":"https:\/\/alchemistegy.com\/pt-pt\/wp-json\/wp\/v2\/pages\/1497\/revisions"}],"predecessor-version":[{"id":1644,"href":"https:\/\/alchemistegy.com\/pt-pt\/wp-json\/wp\/v2\/pages\/1497\/revisions\/1644"}],"wp:attachment":[{"href":"https:\/\/alchemistegy.com\/pt-pt\/wp-json\/wp\/v2\/media?parent=1497"}],"curies":[{"name":"wp","href":"https:\/\/api.w.org\/{rel}","templated":true}]}}